{"id":19,"date":"2015-09-13T17:32:43","date_gmt":"2015-09-13T15:32:43","guid":{"rendered":"http:\/\/sanbartolomeysanjaime.es\/?page_id=19"},"modified":"2022-09-18T12:37:45","modified_gmt":"2022-09-18T10:37:45","slug":"nuestra-parroquia","status":"publish","type":"page","link":"http:\/\/sanbartolomeysanjaime.es\/index.php\/nuestra-parroquia\/","title":{"rendered":"Nuestra Parroquia"},"content":{"rendered":"\n<img decoding=\"async\" src=\"http:\/\/sanbartolomeysanjaime.es\/wp-content\/uploads\/2015\/09\/parroquia-nules-san-bartolome-y-san-jaime-campanas-nules.jpg\" alt=\"parroquia-nules-san-bartolome-y-san-jaime-campanas-nules\" itemprop=\"image\" title=\"parroquia-nules-san-bartolome-y-san-jaime-campanas-nules\" onerror=\"this.style.display='none'\">\n\t<p>La Parroquia de San Bartolom\u00e9 y San Jaime de Nules&nbsp;es una parroquia cat\u00f3lica, perteneciente a la Diocesis de Segorbe-Castell\u00f3n.<\/p>\n<p>La comunidad parroquial ofrece la posibilidad de acercarse a Dios, de conocerle y de aprender a amarle. El primer objetivo de la esta parroquia es ayudar a sus miembros a alcanzar la santidad, creciendo en el amor a un Dios que nos ama infinitamente. Para ello ofrece una liturgia cuidada y fiel a las ense\u00f1anzas de la Iglesia, una catequesis amplia dirigida a ni\u00f1os, adolescentes, j\u00f3venes y adultos, unas actividades formativas, servicios de orientaci\u00f3n familiar y la posibilidad de ser ayudado en las necesidades materiales y espirituales.<\/p>\n<p>La&nbsp;Parroquia de San Bartolom\u00e9 y San Jaime&nbsp;la formamos:<\/p>\n<ul>\n<li>Cofrad\u00edas y Hermandades<\/li>\n<li>Juntas y asociaciones<\/li>\n<li>Camino Neocatecumenal<\/li>\n<li>Caritas<\/li>\n<li>Rinc\u00f3n joven<\/li>\n<li>Catequesis \/ Maestros y profesores cat\u00f3licos<\/li>\n<li>Escuela de Padres<\/li>\n<li>Coro Parroquial<\/li>\n<li>Grupo de oraci\u00f3n<\/li>\n<li>Consejos parroquiales (Econ\u00f3mico ,Limpieza y mantenimiento, Patrimonio)<\/li>\n<li>Tu y yo, todos est\u00e1n invitados a formar parte de la comunidad cristiana.<\/li>\n<\/ul>\n","protected":false},"excerpt":{"rendered":"<p>La Parroquia de San Bartolom\u00e9 y San Jaime de Nules&nbsp;es una parroquia cat\u00f3lica, perteneciente a la Diocesis de Segorbe-Castell\u00f3n. La comunidad parroquial ofrece la posibilidad de acercarse a Dios, de conocerle y<a class=\"moretag\" href=\"http:\/\/sanbartolomeysanjaime.es\/index.php\/nuestra-parroquia\/\">Leer m\u00e1s&#8230;<\/a><\/p>\n","protected":false},"author":1,"featured_media":0,"parent":0,"menu_order":0,"comment_status":"closed","ping_status":"closed","template":"page_full-width.php","meta":{"footnotes":""},"_links":{"self":[{"href":"http:\/\/sanbartolomeysanjaime.es\/index.php\/wp-json\/wp\/v2\/pages\/19"}],"collection":[{"href":"http:\/\/sanbartolomeysanjaime.es\/index.php\/wp-json\/wp\/v2\/pages"}],"about":[{"href":"http:\/\/sanbartolomeysanjaime.es\/index.php\/wp-json\/wp\/v2\/types\/page"}],"author":[{"embeddable":true,"href":"http:\/\/sanbartolomeysanjaime.es\/index.php\/wp-json\/wp\/v2\/users\/1"}],"replies":[{"embeddable":true,"href":"http:\/\/sanbartolomeysanjaime.es\/index.php\/wp-json\/wp\/v2\/comments?post=19"}],"version-history":[{"count":14,"href":"http:\/\/sanbartolomeysanjaime.es\/index.php\/wp-json\/wp\/v2\/pages\/19\/revisions"}],"predecessor-version":[{"id":2631,"href":"http:\/\/sanbartolomeysanjaime.es\/index.php\/wp-json\/wp\/v2\/pages\/19\/revisions\/2631"}],"wp:attachment":[{"href":"http:\/\/sanbartolomeysanjaime.es\/index.php\/wp-json\/wp\/v2\/media?parent=19"}],"curies":[{"name":"wp","href":"https:\/\/api.w.org\/{rel}","templated":true}]}}