{"id":2633,"date":"2022-09-19T18:57:06","date_gmt":"2022-09-19T16:57:06","guid":{"rendered":"https:\/\/sanbartolomeysanjaime.es\/?page_id=2633"},"modified":"2022-10-10T09:23:11","modified_gmt":"2022-10-10T07:23:11","slug":"nuestra-parroquia-inicio","status":"publish","type":"page","link":"http:\/\/sanbartolomeysanjaime.es\/","title":{"rendered":"Nuestra Parroquia"},"content":{"rendered":"\n<h1>\n\t\tDios es fiel. Dios es bueno.\n\t<\/h1>\n\t<p>Bienvenidos a nuestra parroquia en versi\u00f3n digital.<\/p>\n\t<p>Noticias<\/p>\n<h2>\n\t\tUna parroquia cat\u00f3lica de la Di\u00f3cesis de Segorbe-Castell\u00f3n\n\t<\/h2>\n\t<p>La comunidad parroquial ofrece la posibilidad de acercarse a Dios, de conocerle y de aprender a amarle. El primer objetivo de la esta parroquia es ayudar a sus miembros a alcanzar la santidad, creciendo en el amor a un Dios que nos ama infinitamente. Para ello ofrece una liturgia cuidada y fiel a las ense\u00f1anzas de la Iglesia, una catequesis amplia dirigida a ni\u00f1os, adolescentes, j\u00f3venes y adultos, unas actividades formativas, servicios de orientaci\u00f3n familiar y la posibilidad de ser ayudado en las necesidades materiales y espirituales.<\/p>\n\t<p>La Parroquia de San Bartolom\u00e9 y San Jaime la formamos:<\/p>\n<ul>\n<li>Cofrad\u00edas y Hermandades<\/li>\n<li>Juntas y asociaciones<\/li>\n<li>Camino Neocatecumenal<\/li>\n<li>Caritas<\/li>\n<li>Rinc\u00f3n joven<\/li>\n<li>Catequesis \/ Maestros y profesores cat\u00f3licos<\/li>\n<li>Escuela de Padres<\/li>\n<li>Coro Parroquial<\/li>\n<li>Grupo de oraci\u00f3n<\/li>\n<li>Consejos parroquiales (Econ\u00f3mico ,Limpieza y mantenimiento, Patrimonio)<\/li>\n<li>T\u00fa y yo, todos est\u00e1n invitados a formar parte de la comunidad cristiana.<\/li>\n<\/ul>\n\t\t\t\t<a href=\"https:\/\/sanbartolomeysanjaime.es\/index.php\/horario-misas\/\" target=\"_self\" itemprop=\"url\" rel=\"noopener\">\n\t\t\t\t<img decoding=\"async\" src=\"http:\/\/sanbartolomeysanjaime.es\/wp-content\/uploads\/2022\/09\/bendom-157947249329-cathopic-scaled.jpeg\" alt=\"bendom-157947249329-cathopic\" itemprop=\"image\" title=\"bendom-157947249329-cathopic\" onerror=\"this.style.display='none'\"  \/>\n\t\t\t\t<\/a>\n\t<h3>Horarios de misa<\/h3>\n<p><a href=\"https:\/\/sanbartolomeysanjaime.es\/index.php\/horario-misas\/\">Ver horarios&#8230;<\/a><\/p>\n\t\t\t\t<a href=\"https:\/\/sanbartolomeysanjaime.es\/index.php\/parroquia-nules-hoja-parroquial\/\" target=\"_self\" itemprop=\"url\" rel=\"noopener\">\n\t\t\t\t<img decoding=\"async\" src=\"http:\/\/sanbartolomeysanjaime.es\/wp-content\/uploads\/2022\/09\/hp-imagen.png\" alt=\"hp-imagen\" itemprop=\"image\" title=\"hp-imagen\" onerror=\"this.style.display='none'\"  \/>\n\t\t\t\t<\/a>\n\t<h3>Hoja Parroquial semanal<\/h3>\n<p>Accede a todos los n\u00fameros.<\/p>\n<p><a href=\"https:\/\/sanbartolomeysanjaime.es\/index.php\/parroquia-nules-hoja-parroquial\/\">Acceder&#8230;<\/a><\/p>\n\t\t\t\t<a href=\"https:\/\/sanbartolomeysanjaime.es\/index.php\/caritas\/\" target=\"_self\" itemprop=\"url\" rel=\"noopener\">\n\t\t\t\t<img loading=\"lazy\" decoding=\"async\" src=\"https:\/\/sanbartolomeysanjaime.es\/wp-content\/uploads\/2015\/09\/caritas-parroquial-nules.jpg\" alt=\"&lt;a href=&quot;http:\/\/sanbartolomeysanjaime.es\/index.php\/caritas\/&quot; rel=&quot;noopener&quot; target=&quot;_blank&quot;&gt;&lt;\/a&gt;\" itemprop=\"image\" height=\"774\" width=\"774\" title=\"caritas parroquial nules\" onerror=\"this.style.display='none'\"  \/>\n\t\t\t\t<\/a>\n\t<h3>C\u00e1ritas<\/h3>\n<p><a href=\"https:\/\/sanbartolomeysanjaime.es\/index.php\/caritas\/\">Colabora&#8230;<\/a><\/p>\n\n","protected":false},"excerpt":{"rendered":"<p>Dios es fiel. Dios es bueno. Bienvenidos a nuestra parroquia en versi\u00f3n digital. Noticias Una parroquia cat\u00f3lica de la Di\u00f3cesis de Segorbe-Castell\u00f3n La comunidad parroquial ofrece la posibilidad de acercarse a Dios,<a class=\"moretag\" href=\"http:\/\/sanbartolomeysanjaime.es\/\">Leer m\u00e1s&#8230;<\/a><\/p>\n","protected":false},"author":1,"featured_media":0,"parent":0,"menu_order":0,"comment_status":"closed","ping_status":"closed","template":"page_full-width.php","meta":{"footnotes":""},"_links":{"self":[{"href":"http:\/\/sanbartolomeysanjaime.es\/index.php\/wp-json\/wp\/v2\/pages\/2633"}],"collection":[{"href":"http:\/\/sanbartolomeysanjaime.es\/index.php\/wp-json\/wp\/v2\/pages"}],"about":[{"href":"http:\/\/sanbartolomeysanjaime.es\/index.php\/wp-json\/wp\/v2\/types\/page"}],"author":[{"embeddable":true,"href":"http:\/\/sanbartolomeysanjaime.es\/index.php\/wp-json\/wp\/v2\/users\/1"}],"replies":[{"embeddable":true,"href":"http:\/\/sanbartolomeysanjaime.es\/index.php\/wp-json\/wp\/v2\/comments?post=2633"}],"version-history":[{"count":17,"href":"http:\/\/sanbartolomeysanjaime.es\/index.php\/wp-json\/wp\/v2\/pages\/2633\/revisions"}],"predecessor-version":[{"id":2724,"href":"http:\/\/sanbartolomeysanjaime.es\/index.php\/wp-json\/wp\/v2\/pages\/2633\/revisions\/2724"}],"wp:attachment":[{"href":"http:\/\/sanbartolomeysanjaime.es\/index.php\/wp-json\/wp\/v2\/media?parent=2633"}],"curies":[{"name":"wp","href":"https:\/\/api.w.org\/{rel}","templated":true}]}}