{"id":799,"date":"2016-09-05T20:34:50","date_gmt":"2016-09-05T18:34:50","guid":{"rendered":"http:\/\/sanbartolomeysanjaime.es\/?page_id=799"},"modified":"2017-09-05T19:41:32","modified_gmt":"2017-09-05T17:41:32","slug":"taller-de-expresion-artistica-para-ninos","status":"publish","type":"page","link":"http:\/\/sanbartolomeysanjaime.es\/index.php\/nuestra-parroquia\/actividades-pastorales\/ninos\/taller-de-expresion-artistica-para-ninos\/","title":{"rendered":"Taller de Arte para ni\u00f1os (dibujo y pintura)"},"content":{"rendered":"<h3 style=\"text-align: left;\"><\/h3>\n<p><a href=\"http:\/\/sanbartolomeysanjaime.es\/wp-content\/uploads\/2016\/09\/IMG_20170802_165406.jpg\"><img loading=\"lazy\" decoding=\"async\" class=\"wp-image-1538 alignleft\" src=\"http:\/\/sanbartolomeysanjaime.es\/wp-content\/uploads\/2016\/09\/IMG_20170802_165406-300x225.jpg\" alt=\"\" width=\"403\" height=\"302\" srcset=\"http:\/\/sanbartolomeysanjaime.es\/wp-content\/uploads\/2016\/09\/IMG_20170802_165406-300x225.jpg 300w, http:\/\/sanbartolomeysanjaime.es\/wp-content\/uploads\/2016\/09\/IMG_20170802_165406-768x576.jpg 768w, http:\/\/sanbartolomeysanjaime.es\/wp-content\/uploads\/2016\/09\/IMG_20170802_165406-1024x768.jpg 1024w\" sizes=\"(max-width: 403px) 100vw, 403px\" \/><\/a><\/p>\n<p><span style=\"color: #993300;\"><em>Padres \u00bfOs gustar\u00eda que vuestros hijos tengan una ayuda m\u00e1s para ahondar en la amistad con Dios y descubrir los misterios de Nuestra Fe Cat\u00f3lica? Prueba, tr\u00e1elos al Taller de Arte de la Parroquia.<\/em><\/span><\/p>\n<p style=\"text-align: justify;\"><strong><span style=\"color: #993300;\"><em>Estar con Aqu\u00e9l que sabemos ama a los ni\u00f1os.<\/em><\/span><\/strong><\/p>\n<p style=\"text-align: justify;\"><strong><span style=\"color: #993300;\"><em>Quien dijo que les dejemos ir a \u00c9l.<\/em><\/span><\/strong><\/p>\n<p style=\"text-align: justify;\"><span style=\"color: #993300;\"><em> En el Taller se encontrar\u00e1n dibujando y pintando con Jes\u00fas y la Virgen, \u00a0en un tiempo y espacio de comuni\u00f3n, en esperanza y amor, aprendiendo a vivir nuestra fe. La actividad creativa es <strong>de los ni\u00f1os<\/strong>, ellos aprenden jugando, as\u00ed su trabajo es un medio maravilloso para crecer en todas las \u00e1reas de su personalidad.<\/em><\/span><\/p>\n<p style=\"text-align: center;\"><a href=\"http:\/\/sanbartolomeysanjaime.es\/wp-content\/uploads\/2016\/09\/Logo-Taller-de-Arte.jpg\"><img loading=\"lazy\" decoding=\"async\" class=\"alignnone wp-image-1580\" src=\"http:\/\/sanbartolomeysanjaime.es\/wp-content\/uploads\/2016\/09\/Logo-Taller-de-Arte-192x300.jpg\" alt=\"\" width=\"226\" height=\"353\" srcset=\"http:\/\/sanbartolomeysanjaime.es\/wp-content\/uploads\/2016\/09\/Logo-Taller-de-Arte-192x300.jpg 192w, http:\/\/sanbartolomeysanjaime.es\/wp-content\/uploads\/2016\/09\/Logo-Taller-de-Arte.jpg 513w\" sizes=\"(max-width: 226px) 100vw, 226px\" \/><\/a><\/p>\n<h3><\/h3>\n<h3><em>Presentaci\u00f3n del Taller de Expresi\u00f3n Art\u00edstica para ni\u00f1os<\/em><\/h3>\n<p><a href=\"http:\/\/sanbartolomeysanjaime.es\/wp-content\/uploads\/2016\/09\/Presentaci\u00f3n-TEA-Ni\u00f1os.pdf\">Presentaci\u00f3n del Taller<\/a><\/p>\n<h3>Tramites \u2013 Solicitud Taller de Expresi\u00f3n Art\u00edstica<\/h3>\n<p>Ficha de Inscripci\u00f3n al Taller de Expresi\u00f3n Art\u00edstica (Dibujo y Pintura)<\/p>\n<h3>Inf\u00f3rmate en<\/h3>\n<p><a href=\"mailto:despacho@sanbartolomeysanjaime.es\" target=\"_blank\" rel=\"noopener noreferrer\">despacho@sanbartolomeysanjaime.es<\/a><\/p>\n<p>Tel. 964670541<\/p>\n<p>&nbsp;<\/p>\n<p><span style=\"color: #993300;\"><em><strong>J<\/strong><\/em><\/span><span style=\"color: #993300;\"><em><strong>n 1, 39\u00a0 <span class=\"t\">Les respondi\u00f3: \u00abVenid y lo ver\u00e9is.\u00bb Fueron, pues, vieron d\u00f3nde viv\u00eda y se quedaron con \u00e9l aquel d\u00eda. Era m\u00e1s o menos la hora d\u00e9cima.<\/span><\/strong><\/em><\/span><\/p>\n","protected":false},"excerpt":{"rendered":"<p>Padres \u00bfOs gustar\u00eda que vuestros hijos tengan una ayuda m\u00e1s para ahondar en la amistad con Dios y descubrir los misterios de Nuestra Fe Cat\u00f3lica? Prueba, tr\u00e1elos al Taller de Arte de<a class=\"moretag\" href=\"http:\/\/sanbartolomeysanjaime.es\/index.php\/nuestra-parroquia\/actividades-pastorales\/ninos\/taller-de-expresion-artistica-para-ninos\/\">Leer m\u00e1s&#8230;<\/a><\/p>\n","protected":false},"author":1,"featured_media":0,"parent":820,"menu_order":0,"comment_status":"closed","ping_status":"closed","template":"","meta":{"footnotes":""},"_links":{"self":[{"href":"http:\/\/sanbartolomeysanjaime.es\/index.php\/wp-json\/wp\/v2\/pages\/799"}],"collection":[{"href":"http:\/\/sanbartolomeysanjaime.es\/index.php\/wp-json\/wp\/v2\/pages"}],"about":[{"href":"http:\/\/sanbartolomeysanjaime.es\/index.php\/wp-json\/wp\/v2\/types\/page"}],"author":[{"embeddable":true,"href":"http:\/\/sanbartolomeysanjaime.es\/index.php\/wp-json\/wp\/v2\/users\/1"}],"replies":[{"embeddable":true,"href":"http:\/\/sanbartolomeysanjaime.es\/index.php\/wp-json\/wp\/v2\/comments?post=799"}],"version-history":[{"count":52,"href":"http:\/\/sanbartolomeysanjaime.es\/index.php\/wp-json\/wp\/v2\/pages\/799\/revisions"}],"predecessor-version":[{"id":1581,"href":"http:\/\/sanbartolomeysanjaime.es\/index.php\/wp-json\/wp\/v2\/pages\/799\/revisions\/1581"}],"up":[{"embeddable":true,"href":"http:\/\/sanbartolomeysanjaime.es\/index.php\/wp-json\/wp\/v2\/pages\/820"}],"wp:attachment":[{"href":"http:\/\/sanbartolomeysanjaime.es\/index.php\/wp-json\/wp\/v2\/media?parent=799"}],"curies":[{"name":"wp","href":"https:\/\/api.w.org\/{rel}","templated":true}]}}