{"id":804,"date":"2016-09-05T20:37:22","date_gmt":"2016-09-05T18:37:22","guid":{"rendered":"http:\/\/sanbartolomeysanjaime.es\/?page_id=804"},"modified":"2017-05-10T21:54:59","modified_gmt":"2017-05-10T19:54:59","slug":"encuentro-de-post-comunion","status":"publish","type":"page","link":"http:\/\/sanbartolomeysanjaime.es\/index.php\/nuestra-parroquia\/actividades-pastorales\/encuentro-de-post-comunion\/","title":{"rendered":"Encuentro de Post-Comuni\u00f3n"},"content":{"rendered":"<h3 style=\"text-align: center;\"><a href=\"http:\/\/sanbartolomeysanjaime.es\/wp-content\/uploads\/2016\/09\/Lavatorio-de-los-pies.png\"><img loading=\"lazy\" decoding=\"async\" class=\"alignnone wp-image-1103\" src=\"http:\/\/sanbartolomeysanjaime.es\/wp-content\/uploads\/2016\/09\/Lavatorio-de-los-pies-300x153.png\" alt=\"lavatorio-de-los-pies\" width=\"251\" height=\"128\" srcset=\"http:\/\/sanbartolomeysanjaime.es\/wp-content\/uploads\/2016\/09\/Lavatorio-de-los-pies-300x153.png 300w, http:\/\/sanbartolomeysanjaime.es\/wp-content\/uploads\/2016\/09\/Lavatorio-de-los-pies-768x391.png 768w, http:\/\/sanbartolomeysanjaime.es\/wp-content\/uploads\/2016\/09\/Lavatorio-de-los-pies-1024x521.png 1024w, http:\/\/sanbartolomeysanjaime.es\/wp-content\/uploads\/2016\/09\/Lavatorio-de-los-pies.png 1600w\" sizes=\"(max-width: 251px) 100vw, 251px\" \/><\/a><\/h3>\n<p>Como la amistad no es algo de un d\u00eda, ni de dos a\u00f1os, sino de un continuo \u201cdesear estar\u201d con aqu\u00e9l al que amamos y sabemos que nos ama, queremos proponerles una continuidad despu\u00e9s de la Primera Comuni\u00f3n. Es decir que, para este a\u00f1o nos gustar\u00eda comenzar con sus hijos un itinerario de Post-Comuni\u00f3n basado en la experiencia del Oratorio de Ni\u00f1os Peque\u00f1os.<\/p>\n<h3><strong>&#8211;\u00a0Inscripci\u00f3n Encuentros de Poscomuni\u00f3n<\/strong><\/h3>\n<p>.\u00a0\u00a0\u00a0\u00a0Descargar y rellenar\u00a0 <a href=\"http:\/\/sanbartolomeysanjaime.es\/wp-content\/uploads\/2015\/09\/Solicitud-Encuentros-Poscomuni\u00f3n.pdf\">Solicitud Encuentros Poscomuni\u00f3n<\/a><\/p>\n<h3>Solicitud (doble) de inscripci\u00f3n al Oratorio de Post-Comuni\u00f3n.<\/h3>\n<p>&nbsp;<\/p>\n<p>&nbsp;<\/p>\n<p>&nbsp;<\/p>\n","protected":false},"excerpt":{"rendered":"<p>Como la amistad no es algo de un d\u00eda, ni de dos a\u00f1os, sino de un continuo \u201cdesear estar\u201d con aqu\u00e9l al que amamos y sabemos que nos ama, queremos proponerles una<a class=\"moretag\" href=\"http:\/\/sanbartolomeysanjaime.es\/index.php\/nuestra-parroquia\/actividades-pastorales\/encuentro-de-post-comunion\/\">Leer m\u00e1s&#8230;<\/a><\/p>\n","protected":false},"author":1,"featured_media":0,"parent":788,"menu_order":0,"comment_status":"closed","ping_status":"closed","template":"","meta":{"footnotes":""},"_links":{"self":[{"href":"http:\/\/sanbartolomeysanjaime.es\/index.php\/wp-json\/wp\/v2\/pages\/804"}],"collection":[{"href":"http:\/\/sanbartolomeysanjaime.es\/index.php\/wp-json\/wp\/v2\/pages"}],"about":[{"href":"http:\/\/sanbartolomeysanjaime.es\/index.php\/wp-json\/wp\/v2\/types\/page"}],"author":[{"embeddable":true,"href":"http:\/\/sanbartolomeysanjaime.es\/index.php\/wp-json\/wp\/v2\/users\/1"}],"replies":[{"embeddable":true,"href":"http:\/\/sanbartolomeysanjaime.es\/index.php\/wp-json\/wp\/v2\/comments?post=804"}],"version-history":[{"count":18,"href":"http:\/\/sanbartolomeysanjaime.es\/index.php\/wp-json\/wp\/v2\/pages\/804\/revisions"}],"predecessor-version":[{"id":1434,"href":"http:\/\/sanbartolomeysanjaime.es\/index.php\/wp-json\/wp\/v2\/pages\/804\/revisions\/1434"}],"up":[{"embeddable":true,"href":"http:\/\/sanbartolomeysanjaime.es\/index.php\/wp-json\/wp\/v2\/pages\/788"}],"wp:attachment":[{"href":"http:\/\/sanbartolomeysanjaime.es\/index.php\/wp-json\/wp\/v2\/media?parent=804"}],"curies":[{"name":"wp","href":"https:\/\/api.w.org\/{rel}","templated":true}]}}