{"id":953,"date":"2016-09-12T18:22:19","date_gmt":"2016-09-12T16:22:19","guid":{"rendered":"http:\/\/sanbartolomeysanjaime.es\/?page_id=953"},"modified":"2016-11-27T18:37:28","modified_gmt":"2016-11-27T17:37:28","slug":"taller-de-expresion-artistica-para-familias-dibujo-y-pintura","status":"publish","type":"page","link":"http:\/\/sanbartolomeysanjaime.es\/index.php\/nuestra-parroquia\/actividades-pastorales\/adultos\/taller-de-expresion-artistica-para-familias-dibujo-y-pintura\/","title":{"rendered":"Taller de EA para FAMILIAS (Dibujo y Pintura)"},"content":{"rendered":"<h5><a href=\"http:\/\/sanbartolomeysanjaime.es\/wp-content\/uploads\/2016\/09\/LOGO-Taller.jpg\"><img loading=\"lazy\" decoding=\"async\" class=\"alignnone size-medium wp-image-1273\" src=\"http:\/\/sanbartolomeysanjaime.es\/wp-content\/uploads\/2016\/09\/LOGO-Taller-202x300.jpg\" alt=\"logo-taller\" width=\"202\" height=\"300\" srcset=\"http:\/\/sanbartolomeysanjaime.es\/wp-content\/uploads\/2016\/09\/LOGO-Taller-202x300.jpg 202w, http:\/\/sanbartolomeysanjaime.es\/wp-content\/uploads\/2016\/09\/LOGO-Taller-768x1140.jpg 768w, http:\/\/sanbartolomeysanjaime.es\/wp-content\/uploads\/2016\/09\/LOGO-Taller-690x1024.jpg 690w, http:\/\/sanbartolomeysanjaime.es\/wp-content\/uploads\/2016\/09\/LOGO-Taller.jpg 1089w\" sizes=\"(max-width: 202px) 100vw, 202px\" \/><\/a><\/h5>\n<h5 style=\"text-align: left;\">San BARTOLOM\u00c9 y san JAIME<\/h5>\n<h5 style=\"text-align: left;\"><span style=\"color: #333333;\">PARROQUIA de NULES<\/span><\/h5>\n<p>&nbsp;<\/p>\n<h6><em><span style=\"color: #a8453e;\">A<\/span><\/em><em><span style=\"color: #a8453e;\">l sexto mes el \u00e1ngel Gabriel fue enviado por Dios a una ciudad de Galilea, llamada Nazaret,\u00a0<\/span><\/em><em><span style=\"color: #a8453e;\">a una virgen desposada con un var\u00f3n que se llamaba Jos\u00e9, de la casa de David; y el nombre de la virgen era Mar\u00eda.\u00a0\u00a0\u00a0\u00a0\u00a0\u00a0\u00a0\u00a0\u00a0\u00a0\u00a0\u00a0\u00a0\u00a0\u00a0\u00a0\u00a0\u00a0\u00a0\u00a0\u00a0\u00a0\u00a0\u00a0\u00a0\u00a0\u00a0\u00a0\u00a0\u00a0\u00a0\u00a0\u00a0\u00a0\u00a0\u00a0\u00a0\u00a0\u00a0 <\/span><\/em><\/h6>\n<h6><em><span style=\"color: #a8453e;\">LC 1 26-27<\/span><\/em><\/h6>\n<p><strong><em>Os invitamos a una actividad, venir a jugar en familia, padres e hijos, a pintar y dibujar, a crear entre todos, buscando\u00a0el encuentro entre nosotros y con Dios Padre. Dedicado especialmente para ayudar a recuperar la esperanza, la alegr\u00eda de la familia, poniendo a la Sagrada Familia de Nazaret,<span style=\"color: #1971cf;\"> Jes\u00fas, Mar\u00eda y Jos\u00e9<\/span>,\u00a0en el medio,\u00a0entre nosotros.<\/em><\/strong><\/p>\n<h4><strong>Solicitud de Inscripci\u00f3n al Taller de Expresi\u00f3n Art\u00edstica (Dibujo y Pintura) para FAMILIAS.<\/strong><\/h4>\n<p><a href=\"http:\/\/sanbartolomeysanjaime.es\/index.php\/nuestra-parroquia\/actividades-pastorales\/adultos\/taller-de-expresion-artistica-para-familias-dibujo-y-pintura\/\" target=\"_blank\">Ficha de Inscripci\u00f3n Taller Art\u00edstico Familias<\/a><\/p>\n<p>&nbsp;<\/p>\n<p><em><strong>Para m\u00e1s informaci\u00f3n:<\/strong><\/em><\/p>\n<p><a href=\"mailto:despacho@sanbartolomeysanjaime.es\" target=\"_blank\"><u><span style=\"color: #a8a8a8;\">despacho@sanbartolomeysanjaime.es<\/span><\/u><\/a><\/p>\n<p><em><strong>Dios os bendiga<\/strong><\/em><\/p>\n<p>&nbsp;<\/p>\n<p>&nbsp;<\/p>\n","protected":false},"excerpt":{"rendered":"<p>San BARTOLOM\u00c9 y san JAIME PARROQUIA de NULES &nbsp; Al sexto mes el \u00e1ngel Gabriel fue enviado por Dios a una ciudad de Galilea, llamada Nazaret,\u00a0a una virgen desposada con un var\u00f3n<a class=\"moretag\" href=\"http:\/\/sanbartolomeysanjaime.es\/index.php\/nuestra-parroquia\/actividades-pastorales\/adultos\/taller-de-expresion-artistica-para-familias-dibujo-y-pintura\/\">Leer m\u00e1s&#8230;<\/a><\/p>\n","protected":false},"author":1,"featured_media":0,"parent":816,"menu_order":0,"comment_status":"closed","ping_status":"closed","template":"","meta":{"footnotes":""},"_links":{"self":[{"href":"http:\/\/sanbartolomeysanjaime.es\/index.php\/wp-json\/wp\/v2\/pages\/953"}],"collection":[{"href":"http:\/\/sanbartolomeysanjaime.es\/index.php\/wp-json\/wp\/v2\/pages"}],"about":[{"href":"http:\/\/sanbartolomeysanjaime.es\/index.php\/wp-json\/wp\/v2\/types\/page"}],"author":[{"embeddable":true,"href":"http:\/\/sanbartolomeysanjaime.es\/index.php\/wp-json\/wp\/v2\/users\/1"}],"replies":[{"embeddable":true,"href":"http:\/\/sanbartolomeysanjaime.es\/index.php\/wp-json\/wp\/v2\/comments?post=953"}],"version-history":[{"count":15,"href":"http:\/\/sanbartolomeysanjaime.es\/index.php\/wp-json\/wp\/v2\/pages\/953\/revisions"}],"predecessor-version":[{"id":1283,"href":"http:\/\/sanbartolomeysanjaime.es\/index.php\/wp-json\/wp\/v2\/pages\/953\/revisions\/1283"}],"up":[{"embeddable":true,"href":"http:\/\/sanbartolomeysanjaime.es\/index.php\/wp-json\/wp\/v2\/pages\/816"}],"wp:attachment":[{"href":"http:\/\/sanbartolomeysanjaime.es\/index.php\/wp-json\/wp\/v2\/media?parent=953"}],"curies":[{"name":"wp","href":"https:\/\/api.w.org\/{rel}","templated":true}]}}