{"id":47,"date":"2016-03-15T23:23:50","date_gmt":"2016-03-15T22:23:50","guid":{"rendered":"http:\/\/sanbartolomeysanjaime.es\/?page_id=47"},"modified":"2016-09-15T00:54:10","modified_gmt":"2016-09-14T22:54:10","slug":"despacho-parroquial","status":"publish","type":"page","link":"https:\/\/sanbartolomeysanjaime.es\/index.php\/despacho-parroquial\/","title":{"rendered":"Despacho parroquial"},"content":{"rendered":"<div class=\"gmail_default\">\n<p>DESPACHO PARROQUIAL<\/p>\n<p>Martes y mi\u00e9rcoles de 10.30 a 12.30 y de 20.00 a 21.00<\/p>\n<p>Plaza Mayor, 10 &#8211;\u00a0Nules (Castell\u00f3n)<\/p>\n<p>Segorbe-Castell\u00f3n<\/p>\n<p>email: despacho@sanbartolomeysanjaime.es<\/p>\n<p>Tel\u00e9fono: 964 67 05 41, ext. 1<\/p>\n<p>Y buscanos en Facebook \u00a0 \u00a0 \u00a0https:\/\/www.facebook.com\/ParroquiadeSanBartolomeySanJaime\/<\/p>\n<\/div>\n","protected":false},"excerpt":{"rendered":"<p>DESPACHO PARROQUIAL Martes y mi\u00e9rcoles de 10.30 a 12.30 y de 20.00 a 21.00 Plaza Mayor, 10 &#8211;\u00a0Nules (Castell\u00f3n) Segorbe-Castell\u00f3n email: despacho@sanbartolomeysanjaime.es Tel\u00e9fono: 964 67 05 41, ext. 1 Y buscanos en<a class=\"moretag\" href=\"https:\/\/sanbartolomeysanjaime.es\/index.php\/despacho-parroquial\/\">Leer m\u00e1s&#8230;<\/a><\/p>\n","protected":false},"author":1,"featured_media":0,"parent":0,"menu_order":0,"comment_status":"closed","ping_status":"open","template":"","meta":{"footnotes":""},"_links":{"self":[{"href":"https:\/\/sanbartolomeysanjaime.es\/index.php\/wp-json\/wp\/v2\/pages\/47"}],"collection":[{"href":"https:\/\/sanbartolomeysanjaime.es\/index.php\/wp-json\/wp\/v2\/pages"}],"about":[{"href":"https:\/\/sanbartolomeysanjaime.es\/index.php\/wp-json\/wp\/v2\/types\/page"}],"author":[{"embeddable":true,"href":"https:\/\/sanbartolomeysanjaime.es\/index.php\/wp-json\/wp\/v2\/users\/1"}],"replies":[{"embeddable":true,"href":"https:\/\/sanbartolomeysanjaime.es\/index.php\/wp-json\/wp\/v2\/comments?post=47"}],"version-history":[{"count":4,"href":"https:\/\/sanbartolomeysanjaime.es\/index.php\/wp-json\/wp\/v2\/pages\/47\/revisions"}],"predecessor-version":[{"id":1005,"href":"https:\/\/sanbartolomeysanjaime.es\/index.php\/wp-json\/wp\/v2\/pages\/47\/revisions\/1005"}],"wp:attachment":[{"href":"https:\/\/sanbartolomeysanjaime.es\/index.php\/wp-json\/wp\/v2\/media?parent=47"}],"curies":[{"name":"wp","href":"https:\/\/api.w.org\/{rel}","templated":true}]}}