{"id":65,"date":"2015-09-13T09:05:09","date_gmt":"2015-09-13T07:05:09","guid":{"rendered":"http:\/\/sanbartolomeysanjaime.es\/?page_id=65"},"modified":"2022-09-20T18:08:49","modified_gmt":"2022-09-20T16:08:49","slug":"parroquia-nules-bautismo","status":"publish","type":"page","link":"https:\/\/sanbartolomeysanjaime.es\/index.php\/parroquia-nules-bautismo\/","title":{"rendered":"Bautismo"},"content":{"rendered":"\n<h2>\n\t\tSacramento del Bautismo\n\t<\/h2>\n\t<h2>D\u00edas de Bautismo<\/h2>\nSegundo y cuarto s\u00e1bado de cada mes a las 13:00h.<br \/>\n<strong>Nota<\/strong>: Excepto el tiempo de Cuaresma, en el que NO habr\u00e1 bautizos, desde el Mi\u00e9rcoles de Ceniza hasta Pascua de Resurrecci\u00f3n.\n\t<h2>Solicitud Bautismo<\/h2>\n<p>Descargar y rellenar: <a href=\"http:\/\/sanbartolomeysanjaime.es\/wp-content\/uploads\/2015\/09\/Bautismo-Solicitud.pdf\">bautismo-solicitud<\/a><\/p>\n<p>Debe entregarse en el <strong>Despacho Parroquial<\/strong>, necesariamente antes de la primera reuni\u00f3n,\u00a0para que puedan asistir los padres y padrinos a las dos reuniones preparatorias.<\/p>\n\t<h2>Preparamos el Bautizo<\/h2>\n<p>Nos reunimos con los padres y padrinos, el <strong>primer viernes de mes<\/strong>, para poder reunir todos los bautizos del mes juntos.<\/p>\n<p>En el <strong>Sal\u00f3n Parroquial<\/strong> San Bartolome (Avda. Castell\u00f3n, 15), \u00a0a las 20:00h.<\/p>\n<p>Hay <strong>servicio de guarder\u00eda<\/strong> para que todos puedan asistir. (<em>Si necesitas el servicio de guarder\u00eda agradecemos nos avises en el despacho. Gracias<\/em>).<\/p>\n<p><strong>NOTA<\/strong>: Si llevas el LIBRO DE FAMILIA CAT\u00d3LICA al Despacho Parroquial, completamos los datos y te sirve para distintos tramites. No olvides pasar luego a recogerlo.<\/p>\n\n","protected":false},"excerpt":{"rendered":"<p>Sacramento del Bautismo D\u00edas de Bautismo Segundo y cuarto s\u00e1bado de cada mes a las 13:00h. Nota: Excepto el tiempo de Cuaresma, en el que NO habr\u00e1 bautizos, desde el Mi\u00e9rcoles de<a class=\"moretag\" href=\"https:\/\/sanbartolomeysanjaime.es\/index.php\/parroquia-nules-bautismo\/\">Leer m\u00e1s&#8230;<\/a><\/p>\n","protected":false},"author":1,"featured_media":0,"parent":0,"menu_order":0,"comment_status":"closed","ping_status":"open","template":"page_full-width.php","meta":{"footnotes":""},"_links":{"self":[{"href":"https:\/\/sanbartolomeysanjaime.es\/index.php\/wp-json\/wp\/v2\/pages\/65"}],"collection":[{"href":"https:\/\/sanbartolomeysanjaime.es\/index.php\/wp-json\/wp\/v2\/pages"}],"about":[{"href":"https:\/\/sanbartolomeysanjaime.es\/index.php\/wp-json\/wp\/v2\/types\/page"}],"author":[{"embeddable":true,"href":"https:\/\/sanbartolomeysanjaime.es\/index.php\/wp-json\/wp\/v2\/users\/1"}],"replies":[{"embeddable":true,"href":"https:\/\/sanbartolomeysanjaime.es\/index.php\/wp-json\/wp\/v2\/comments?post=65"}],"version-history":[{"count":49,"href":"https:\/\/sanbartolomeysanjaime.es\/index.php\/wp-json\/wp\/v2\/pages\/65\/revisions"}],"predecessor-version":[{"id":2666,"href":"https:\/\/sanbartolomeysanjaime.es\/index.php\/wp-json\/wp\/v2\/pages\/65\/revisions\/2666"}],"wp:attachment":[{"href":"https:\/\/sanbartolomeysanjaime.es\/index.php\/wp-json\/wp\/v2\/media?parent=65"}],"curies":[{"name":"wp","href":"https:\/\/api.w.org\/{rel}","templated":true}]}}