{"id":67,"date":"2015-09-13T08:52:13","date_gmt":"2015-09-13T06:52:13","guid":{"rendered":"http:\/\/sanbartolomeysanjaime.es\/?page_id=67"},"modified":"2021-06-11T13:59:13","modified_gmt":"2021-06-11T11:59:13","slug":"parroquia-nules-primera-comunion","status":"publish","type":"page","link":"https:\/\/sanbartolomeysanjaime.es\/index.php\/parroquia-nules-primera-comunion\/","title":{"rendered":"Primera Comuni\u00f3n"},"content":{"rendered":"\n<div class=\"wp-block-file\"><a href=\"http:\/\/sanbartolomeysanjaime.es\/wp-content\/uploads\/2021\/06\/Solicitud-Comuni\u00f3n-2021.pdf\">Solicitud Comuni\u00f3n 2021<\/a><a href=\"http:\/\/sanbartolomeysanjaime.es\/wp-content\/uploads\/2021\/06\/Solicitud-Comuni\u00f3n-2021.pdf\" class=\"wp-block-file__button\" download>Descarga<\/a><\/div>\n\n\n<h2 style=\"text-align: center;\"><strong>Sacramento de la Eucarist\u00eda &#8211; Primera Comuni\u00f3n<\/strong><\/h2>\n<h3><img loading=\"lazy\" decoding=\"async\" class=\"aligncenter wp-image-1450\" src=\"http:\/\/sanbartolomeysanjaime.es\/wp-content\/uploads\/2015\/09\/A\u00f1o-2009.-Sacramento-3-de-la-Eucarist\u00eda.jpg\" alt=\"\" width=\"450\" height=\"385\" \/><\/h3>\n<h3>\u00a0<\/h3>\n<h3>&#8211; Inscripci\u00f3n al <em>Oratorio de Ni\u00f1os Peque\u00f1os<\/em> <a href=\"http:\/\/sanbartolomeysanjaime.es\/wp-content\/uploads\/2021\/06\/Solicitud-Comuni\u00f3n-2021.pdf\">Inscripci\u00f3n al <em>Oratorio de Ni\u00f1os Peque\u00f1os<\/em> &#8211; Primer a\u00f1o de Iniciaci\u00f3n Cristiana<\/a><\/h3>\n<h3>&#8211; Carta a los Padres al Comienzo del Curso\u00a0 <a href=\"http:\/\/sanbartolomeysanjaime.es\/wp-content\/uploads\/2019\/08\/Carta-a-los-padres-al-comenzar-el-curso-1.pdf\">Carta a los padres al comenzar el curso<\/a><\/h3>\n<p>. \u00a0 Ver e imprimir si quieres\u00a0 <a href=\"http:\/\/sanbartolomeysanjaime.es\/wp-content\/uploads\/2019\/08\/Carta-a-los-padres-al-comenzar-el-curso-1.pdf\">Carta a los padres al comenzar el curso<\/a><\/p>\n<h3>&#8211;\u00a0Pr\u00f3ximas fechas de Primeras Comuniones<\/h3>\n<p>.\u00a0\u00a0\u00a0\u00a0\u00a0\u00a0<a href=\"http:\/\/sanbartolomeysanjaime.es\/index.php\/parroquia-nules-agenda\/\">http:\/\/sanbartolomeysanjaime.es\/index.php\/parroquia-nules-agenda\/<\/a><\/p>\n<h3><strong>&#8211; Carta a los Padres\u00a0preparando la\u00a0Primera Comuni\u00f3n<\/strong><\/h3>\n<p>.\u00a0 \u00a0 \u00a0Descarga carta a los Padres del\u00a0 <a href=\"http:\/\/sanbartolomeysanjaime.es\/wp-content\/uploads\/2019\/05\/Colegio-Pedro-Alcazar.pdf\">Colegio Pedro Alcazar<\/a><\/p>\n<p>.\u00a0 \u00a0 Descarga carta a los Padres del\u00a0 <a href=\"http:\/\/sanbartolomeysanjaime.es\/wp-content\/uploads\/2019\/05\/Colegio-P\u00edo-XII.pdf\">Colegio P\u00edo XII<\/a><\/p>\n<p>.\u00a0 \u00a0 \u00a0Descarga carta a los Padres del\u00a0 <a href=\"http:\/\/sanbartolomeysanjaime.es\/wp-content\/uploads\/2019\/05\/Colegio-Cervantes.pdf\">Colegio Cervantes<\/a><\/p>\n<p>.\u00a0 \u00a0 \u00a0Descarga carta a los Padres del\u00a0 <a href=\"http:\/\/sanbartolomeysanjaime.es\/wp-content\/uploads\/2019\/05\/Colegio-Ntra.-Sra.-de-la-Consolaci\u00f3n.pdf\">Colegio Ntra. Sra. de la Consolaci\u00f3n<\/a><\/p>\n<p>.\u00a0 \u00a0 \u00a0Descarga carta a los Padres del\u00a0 <a href=\"http:\/\/sanbartolomeysanjaime.es\/wp-content\/uploads\/2019\/05\/Colegio-Jaime-I.pdf\">Colegio Jaime I<\/a><\/p>\n<p>.\u00a0 \u00a0 \u00a0Descarga carta a los Padres del\u00a0 <a href=\"http:\/\/sanbartolomeysanjaime.es\/wp-content\/uploads\/2019\/05\/Colegio-Lope-de-Vega.pdf\">Colegio Lope de Vega<\/a><\/p>\n<h6>NOTA:\u00a0 Si llevas el LIBRO DE FAMILIA CAT\u00d3LICA al despacho te hacemos las anotaciones. No olvides despu\u00e9s pasar a recogerlo.<\/h6>\n<h3><strong>&#8211; Inscripci\u00f3n Encuentros de Poscomuni\u00f3n: 4\u00ba, 5\u00ba y 6\u00ba de primaria\u00a0 <a href=\"http:\/\/sanbartolomeysanjaime.es\/wp-content\/uploads\/2019\/05\/Catequesis-Postcomuni\u00f3n.pdf\">Catequesis Postcomuni\u00f3n<\/a><\/strong><\/h3>\n<p>.\u00a0\u00a0\u00a0\u00a0Descargar y rellenar\u00a0 <a href=\"http:\/\/sanbartolomeysanjaime.es\/wp-content\/uploads\/2015\/09\/Solicitud-Encuentros-Poscomuni\u00f3n.pdf\">Solicitud Encuentros Poscomuni\u00f3n<\/a><\/p>\n<h3>\u00a0&#8211; Inf\u00f3rmate en<\/h3>\n<p>despacho@sanbartolomeysanjaime.es<\/p>\n<p>\u00bfPOR QU\u00c9 CONFESAR LOS PECADOS A UN SACERDOTE? \u00a0\u00a0<a href=\"http:\/\/www.youtube.com\/watch?v=L-jgSwU5qik&amp;feature=youtu.be&amp;noredirect=1\" target=\"_blank\" rel=\"noopener noreferrer\">Ver<\/a><\/p>","protected":false},"excerpt":{"rendered":"<p>Sacramento de la Eucarist\u00eda &#8211; Primera Comuni\u00f3n \u00a0 &#8211; Inscripci\u00f3n al Oratorio de Ni\u00f1os Peque\u00f1os Inscripci\u00f3n al Oratorio de Ni\u00f1os Peque\u00f1os &#8211; Primer a\u00f1o de Iniciaci\u00f3n Cristiana &#8211; Carta a los Padres<a class=\"moretag\" href=\"https:\/\/sanbartolomeysanjaime.es\/index.php\/parroquia-nules-primera-comunion\/\">Leer m\u00e1s&#8230;<\/a><\/p>\n","protected":false},"author":1,"featured_media":0,"parent":0,"menu_order":0,"comment_status":"closed","ping_status":"open","template":"page-sidebar.php","meta":{"footnotes":""},"_links":{"self":[{"href":"https:\/\/sanbartolomeysanjaime.es\/index.php\/wp-json\/wp\/v2\/pages\/67"}],"collection":[{"href":"https:\/\/sanbartolomeysanjaime.es\/index.php\/wp-json\/wp\/v2\/pages"}],"about":[{"href":"https:\/\/sanbartolomeysanjaime.es\/index.php\/wp-json\/wp\/v2\/types\/page"}],"author":[{"embeddable":true,"href":"https:\/\/sanbartolomeysanjaime.es\/index.php\/wp-json\/wp\/v2\/users\/1"}],"replies":[{"embeddable":true,"href":"https:\/\/sanbartolomeysanjaime.es\/index.php\/wp-json\/wp\/v2\/comments?post=67"}],"version-history":[{"count":59,"href":"https:\/\/sanbartolomeysanjaime.es\/index.php\/wp-json\/wp\/v2\/pages\/67\/revisions"}],"predecessor-version":[{"id":2367,"href":"https:\/\/sanbartolomeysanjaime.es\/index.php\/wp-json\/wp\/v2\/pages\/67\/revisions\/2367"}],"wp:attachment":[{"href":"https:\/\/sanbartolomeysanjaime.es\/index.php\/wp-json\/wp\/v2\/media?parent=67"}],"curies":[{"name":"wp","href":"https:\/\/api.w.org\/{rel}","templated":true}]}}