{"id":71,"date":"2015-07-06T20:52:49","date_gmt":"2015-07-06T18:52:49","guid":{"rendered":"http:\/\/sanbartolomeysanjaime.es\/?page_id=71"},"modified":"2020-12-30T21:01:11","modified_gmt":"2020-12-30T20:01:11","slug":"matrimonio","status":"publish","type":"page","link":"https:\/\/sanbartolomeysanjaime.es\/index.php\/matrimonio\/","title":{"rendered":"Matrimonio"},"content":{"rendered":"<h2 style=\"text-align: center;\">Sacramento del Matrimonio<\/h2>\n<h3><img loading=\"lazy\" decoding=\"async\" class=\"aligncenter wp-image-1459\" src=\"http:\/\/sanbartolomeysanjaime.es\/wp-content\/uploads\/2015\/07\/A\u00f1o-2009.-Sacramento-7-del-Matrimonio.jpg\" alt=\"\" width=\"451\" height=\"349\" \/><\/h3>\n<h3><strong>&#8211; CURSILLOS PREMATRIMONIALES:<\/strong><\/h3>\n<p>Los pr\u00f3ximos cursillos son para todos los novios que se casan en 2021 o posteriormente, tendr\u00e1n lugar en enero del lunes 25 de enero al s\u00e1bado 30 de enero de 2021.<\/p>\n<p>Del lunes 25 de enero al viernes 29 de enero de 22.00 h a 23.00 h, en el Hogar de la Misericordia (plaza del Convento); y el 30 de enero tendremos una convivencia de 10.00 h a 17.00 h.<\/p>\n<p>En el Hogar de la Misericordia<br \/>\nPlaza del Convento<br \/>\nMas informaci\u00f3n:\u00a0 despacho@sanbartolomeysanjaime.es<\/p>\n<p>. Otros Cursillos Prematrimoniales<\/p>\n<p>https:\/\/obsegorbecastellon.es\/la-delegacion-de-pastoral-familiar-establece-las-fechas-de-los-cursillos-pre-matrimoniales\/<\/p>\n<h3>&#8211; EXPEDIENTE MATRIMONIAL<\/h3>\n<p>Es necesario realizar los tramites, el llamado Expediente Matrimonial, lo que com\u00fanmente decimos \u00ablos papeles\u00bb, de modo que conste el Bautismo y el estado de solter\u00eda, as\u00ed como ausencia de otros impedimentos para recibir v\u00e1lidamente el Sacramento del Matrimonio. Comienza a realizar los tramites <em>al menos tres meses antes<\/em>, no lo dejes para el final. Son los siguientes:<\/p>\n<p>. Partida de Bautismo: en la parroquia donde fuiste bautizado. Si fuiste bautizado en esta Parroquia la tenemos aqu\u00ed. Cuando vengas la buscamos.<\/p>\n<p>. Partida literal de nacimiento\u00a0(es posible que tarde dos meses en venir):\u00a0en juzgados o por internet\u00a0 www.gva.es<\/p>\n<p>. Certificado de estado de solter\u00eda (es posible que tarde dos meses en venir):\u00a0en juzgados o por internet\u00a0 www.gva.es<\/p>\n<p>. Fotocopia del DNI.<\/p>\n<p>. Certificado del Cursillo Prematrimonial: te lo dan despu\u00e9s de asistir al Cursillo Prematrimonial.<\/p>\n<p>. Dos testigos, que no sean familia.<\/p>\n<p><strong>HOJA DE RUTA:<\/strong>\u00a0\u00a0\u00a0\u00a0 * si los dos sois Nules traer todos los papeles juntos para realizar el Expediente Matrimonial.\u00a0\u00a0 ** si tu novio es de otro pueblo llevar todos los papeles de \u00e9l a su parroquia, y traer (dos meses antes de la boda) su Expediente Matrimonial y todos tus papeles, para realizar aqu\u00ed tu\u00a0Expediente Matrimonial.\u00a0 M\u00e1s informaci\u00f3n:\u00a0 despacho@sanbartolomeysanjaime.es<\/p>\n<h3>&#8211; CANTOS EN LAS BODAS<\/h3>\n<div><em><span style=\"text-decoration: underline;\">NOTA IMPORTANTE:<\/span><\/em> si traes coro o grupo que cante\u00a0entrega el repertorio de los cantos o piezas musicales un\u00a0mes antes de la boda al despacho o mandarlo a despacho@sanbartolomeysanjaime.es\u00a0\u00a0\u00a0\u00a0\u00a0\u00a0 Gracias por la colaboraci\u00f3n.<\/div>\n<div><\/div>\n<div>Algunas novias preguntan si se puede o no cantar los siguientes o parecidos cantos:<\/div>\n<div><\/div>\n<div>&#8211; Por ti volare de Andrea Bocelli<\/div>\n<div><\/div>\n<div>&#8211; Hasta mi final de Il Divo<\/div>\n<div><\/div>\n<div>&#8211; Nella Fantasia de E. Morricone<\/div>\n<div><\/div>\n<p dir=\"ltr\">&#8211; La vida es bella de N. Piovani<\/p>\n<p>U otras canciones por el estilo. Para evitar confusiones hemos consultado al Obispado. La respuesta que hemos recibido ha sido la siguiente: \u00aben rito cat\u00f3lico no\u00bb.<\/p>\n<p>\u00abLa Boda como todo sacramento es una celebraci\u00f3n lit\u00fargica. El <span class=\"il\">canto<\/span> es una parte muy importante de la liturgia, el cual <strong>debe estar compuesto para la liturgia<\/strong> para poderse cantar en la Boda. <strong>No es posible tomar <span class=\"il\">cantos<\/span> muy bonitos y emotivos<\/strong> para la boda\u00bb.<\/p>\n<p>As\u00ed mismo se recuerda que si se canta el \u00abGloria\u00bb, el \u00abPadrenuestro\u00bb, o el \u00abCordero de Dios\u00bb se debe respetar la letra. No se puede inventar una nueva letra.<\/p>\n<p>Se pone en vuestro conocimiento para evitar dudas y confusiones. Muy agradecidos por la comprensi\u00f3n y la acogida, siempre con el deseo que vuestra Boda sea verdaderamente un encuentro con el Se\u00f1or que nos ama y quiere bendecir ese d\u00eda tan especial.<\/p>\n<p><strong>7 datos fundamentales que debes saber de un coro<\/strong> \u00a0http:\/\/catholic-link.com\/2017\/03\/09\/galeria-coro-parroquial\/<\/p>\n<p>Ante cualquier duda o aclaraci\u00f3n estamos a vuestra disposici\u00f3n:\u00a0despacho@sanbartolomeysanjaime.es<\/p>\n<p>*NOTA: durante la Celebraci\u00f3n del Matrimonio <strong>no organices un \u00abchiringuito\u00bb fuera de\u00a0la iglesia<\/strong>, invita m\u00e1s bien a tus amigos en ese momento tan especial para ti. Si de verdad, es un momento \u00fanico en tu vida \u00bfno te gusta que tus amigos te acompa\u00f1en y est\u00e9n a tu lado? \u00bfno te gusta que participen contigo junto a ti?<\/p>\n<h3><strong>&#8211; DESCARGAS<\/strong><\/h3>\n<p><a href=\"http:\/\/sanbartolomeysanjaime.es\/wp-content\/uploads\/2015\/07\/RITO-DEL-MATRIMONIO.pdf\">RITO DEL MATRIMONIO<\/a><\/p>\n<p><a href=\"http:\/\/sanbartolomeysanjaime.es\/wp-content\/uploads\/2015\/07\/Lecturas-Ritual-del-Matrimonio.pdf\">LECTURAS Ritual del Matrimonio<\/a><\/p>\n<p><a href=\"http:\/\/sanbartolomeysanjaime.es\/wp-content\/uploads\/2015\/07\/Peticiones.pdf\">PETICIONES<\/a><\/p>\n<h3><strong>&#8211; VIDEO<\/strong><br \/>\n<a href=\"https:\/\/www.youtube.com\/watch?v=VTOuJsYmO_M\"><strong>Cursillo de preparaci\u00f3n al Matrimonio<\/strong><\/a><strong><br \/>\n<\/strong><\/h3>\n<p><strong>&#8211; AMOR SIN REMORDIMIENTO <\/strong><br \/>\n<a href=\"http:\/\/www.youtube.com\/watch?feature=player_embedded&amp;v=In2ZccckIy4\">Amor sin remordimiento<\/a><\/p>\n<h3><strong>&#8211; IDEAS CLARAS<\/strong><br \/>\n<a href=\"http:\/\/www.youtube.com\/watch?v=2vpMvaKCw70&amp;feature=player_embedded\">Sobre el noviazgo, virginidad, matrimonio, sexualidad entre j\u00f3venes&#8230;<\/a><br \/>\n<a href=\"https:\/\/www.youtube.com\/watch?v=Q7bhaDEdCc0\">S\u00ed, quiero 1 \u00bfConoces a tu pareja? <\/a><br \/>\n<a href=\"https:\/\/www.youtube.com\/watch?v=Des1vUTSDoQ\">S\u00ed, quiero 2 Noviazgo \u00bfSin sexo? <\/a><br \/>\n<a href=\"https:\/\/www.youtube.com\/watch?v=naY_qhHR_lA\">S\u00ed, quiero 3 \u00bfMatrimonio? \u00bfPara qu\u00e9?<\/a><br \/>\n<a href=\"https:\/\/www.youtube.com\/watch?v=X2YHzbBlxU4\">S\u00ed, quiero 4 \u00bfPuede acabarse el amor?<\/a><br \/>\n<a href=\"https:\/\/www.youtube.com\/watch?v=zo5g8dUCP6E\">S\u00ed, quiero 5 \u00bfQu\u00e9 a\u00f1ade el Sacramento?<\/a><br \/>\n<a href=\"https:\/\/www.youtube.com\/watch?v=yNoIy1YRrQE\">S\u00ed, quiero 6 La boda, \u00bfm\u00e1s que una fiesta?<\/a><br \/>\n<a href=\"https:\/\/www.youtube.com\/watch?v=FmIluiO1-Bw\">S\u00ed, quiero 7 \u00bfC\u00f3mo aman los esposos?<\/a><br \/>\n<a href=\"https:\/\/www.youtube.com\/watch?v=kGm8j-lSvqY\">S\u00ed, quiero 8 \u00bfCu\u00e1ntos hijos?<\/a><br \/>\n<a href=\"https:\/\/www.youtube.com\/watch?v=MY9k4iDsTos\">S\u00ed, quiero 9 \u00bfQu\u00e9 tal nos entendemos?<\/a><br \/>\n<a href=\"https:\/\/www.youtube.com\/watch?v=iawm4KtWk-g\">S\u00ed, quiero 10 \u00bfQu\u00e9 peligros nos acechan?<\/a><br \/>\n<a href=\"https:\/\/www.youtube.com\/watch?v=z96BNTdws7M\">S\u00ed quiero 11 \u00bfHay felicidad sin valores?<\/a><br \/>\n<a href=\"https:\/\/www.youtube.com\/watch?v=xtycjM-xuQ4\">S\u00ed quiero 12 \u00bfC\u00f3mo educar a los hijos?<\/a><\/h3>\n","protected":false},"excerpt":{"rendered":"<p>Sacramento del Matrimonio &#8211; CURSILLOS PREMATRIMONIALES: Los pr\u00f3ximos cursillos son para todos los novios que se casan en 2021 o posteriormente, tendr\u00e1n lugar en enero del lunes 25 de enero al s\u00e1bado<a class=\"moretag\" href=\"https:\/\/sanbartolomeysanjaime.es\/index.php\/matrimonio\/\">Leer m\u00e1s&#8230;<\/a><\/p>\n","protected":false},"author":1,"featured_media":0,"parent":0,"menu_order":0,"comment_status":"closed","ping_status":"open","template":"","meta":{"footnotes":""},"_links":{"self":[{"href":"https:\/\/sanbartolomeysanjaime.es\/index.php\/wp-json\/wp\/v2\/pages\/71"}],"collection":[{"href":"https:\/\/sanbartolomeysanjaime.es\/index.php\/wp-json\/wp\/v2\/pages"}],"about":[{"href":"https:\/\/sanbartolomeysanjaime.es\/index.php\/wp-json\/wp\/v2\/types\/page"}],"author":[{"embeddable":true,"href":"https:\/\/sanbartolomeysanjaime.es\/index.php\/wp-json\/wp\/v2\/users\/1"}],"replies":[{"embeddable":true,"href":"https:\/\/sanbartolomeysanjaime.es\/index.php\/wp-json\/wp\/v2\/comments?post=71"}],"version-history":[{"count":33,"href":"https:\/\/sanbartolomeysanjaime.es\/index.php\/wp-json\/wp\/v2\/pages\/71\/revisions"}],"predecessor-version":[{"id":2299,"href":"https:\/\/sanbartolomeysanjaime.es\/index.php\/wp-json\/wp\/v2\/pages\/71\/revisions\/2299"}],"wp:attachment":[{"href":"https:\/\/sanbartolomeysanjaime.es\/index.php\/wp-json\/wp\/v2\/media?parent=71"}],"curies":[{"name":"wp","href":"https:\/\/api.w.org\/{rel}","templated":true}]}}