{"id":77,"date":"2015-09-13T08:46:54","date_gmt":"2015-09-13T06:46:54","guid":{"rendered":"http:\/\/sanbartolomeysanjaime.es\/?page_id=77"},"modified":"2015-12-30T12:22:50","modified_gmt":"2015-12-30T11:22:50","slug":"adoracion","status":"publish","type":"page","link":"https:\/\/sanbartolomeysanjaime.es\/index.php\/adoracion\/","title":{"rendered":"Adoraci\u00f3n"},"content":{"rendered":"<h2><strong>Adoraci\u00f3n Perpetua<\/strong><\/h2>\n<p><img loading=\"lazy\" decoding=\"async\" class=\"alignnone size-full wp-image-352\" src=\"http:\/\/sanbartolomeysanjaime.es\/wp-content\/uploads\/2015\/09\/parroquia-nules-san-bartolome-y-san-jaime-adoraci\u00f3n-perpetua.jpg\" alt=\"parroquia nules san bartolome y san jaime adoraci\u00f3n perpetua\" width=\"1443\" height=\"528\" srcset=\"https:\/\/sanbartolomeysanjaime.es\/wp-content\/uploads\/2015\/09\/parroquia-nules-san-bartolome-y-san-jaime-adoraci\u00f3n-perpetua.jpg 1443w, https:\/\/sanbartolomeysanjaime.es\/wp-content\/uploads\/2015\/09\/parroquia-nules-san-bartolome-y-san-jaime-adoraci\u00f3n-perpetua-300x110.jpg 300w, https:\/\/sanbartolomeysanjaime.es\/wp-content\/uploads\/2015\/09\/parroquia-nules-san-bartolome-y-san-jaime-adoraci\u00f3n-perpetua-1024x375.jpg 1024w\" sizes=\"(max-width: 1443px) 100vw, 1443px\" \/>La Capilla de la Adoraci\u00f3n Eucarist\u00edca Perpetua de Nules est\u00e1 abierta d\u00eda y noche todos los d\u00edas del a\u00f1o.<\/p>\n<p>Este pedazo de Cielo tan necesario en nuestra ciudad\u00a0quiere contar con tus oraciones, tu presencia\u00a0y\u00a0si es posible con tu compromiso de pasar\u00a0UNA HORA de tu semana\u00a0en compa\u00f1ia del\u00a0Jes\u00fas Eucarist\u00eda.<\/p>\n<p>Seamos MISIONEROS\u00a0de esta GRACIA que se nos ha sido dada, buscando nuevos adoradores.<\/p>\n<p>&#8211; Principios Adoraci\u00f3n Eucar\u00edstica Perp\u00e9tua<\/p>\n<p>&#8211; Carta De D. Casimiro L\u00f3pez LLorente,<\/p>\n<p>&#8211; Video Adoraci\u00f3n Perp\u00e9tua Homil\u00eda<\/p>\n<p>&#8211; Art\u00edculo del Padre Justo.<\/p>\n<p>&nbsp;<\/p>\n<p><strong>Pel\u00edculas recomendadas:<\/strong><\/p>\n<p>&#8211; La Adoraci\u00f3n Eucar\u00edstica &#8211; De lo visible a lo invisible\u00a0<a href=\"http:\/\/www.youtube.com\/watch?v=SA02A8f4apU\" target=\"_blank\">Ver<\/a><\/p>\n<p><strong>Adoraci\u00f3n Nocturna<\/strong><\/p>\n","protected":false},"excerpt":{"rendered":"<p>Adoraci\u00f3n Perpetua La Capilla de la Adoraci\u00f3n Eucarist\u00edca Perpetua de Nules est\u00e1 abierta d\u00eda y noche todos los d\u00edas del a\u00f1o. Este pedazo de Cielo tan necesario en nuestra ciudad\u00a0quiere contar con<a class=\"moretag\" href=\"https:\/\/sanbartolomeysanjaime.es\/index.php\/adoracion\/\">Leer m\u00e1s&#8230;<\/a><\/p>\n","protected":false},"author":1,"featured_media":0,"parent":0,"menu_order":0,"comment_status":"closed","ping_status":"open","template":"","meta":{"footnotes":""},"_links":{"self":[{"href":"https:\/\/sanbartolomeysanjaime.es\/index.php\/wp-json\/wp\/v2\/pages\/77"}],"collection":[{"href":"https:\/\/sanbartolomeysanjaime.es\/index.php\/wp-json\/wp\/v2\/pages"}],"about":[{"href":"https:\/\/sanbartolomeysanjaime.es\/index.php\/wp-json\/wp\/v2\/types\/page"}],"author":[{"embeddable":true,"href":"https:\/\/sanbartolomeysanjaime.es\/index.php\/wp-json\/wp\/v2\/users\/1"}],"replies":[{"embeddable":true,"href":"https:\/\/sanbartolomeysanjaime.es\/index.php\/wp-json\/wp\/v2\/comments?post=77"}],"version-history":[{"count":4,"href":"https:\/\/sanbartolomeysanjaime.es\/index.php\/wp-json\/wp\/v2\/pages\/77\/revisions"}],"predecessor-version":[{"id":353,"href":"https:\/\/sanbartolomeysanjaime.es\/index.php\/wp-json\/wp\/v2\/pages\/77\/revisions\/353"}],"wp:attachment":[{"href":"https:\/\/sanbartolomeysanjaime.es\/index.php\/wp-json\/wp\/v2\/media?parent=77"}],"curies":[{"name":"wp","href":"https:\/\/api.w.org\/{rel}","templated":true}]}}