{"id":788,"date":"2016-09-05T20:01:50","date_gmt":"2016-09-05T18:01:50","guid":{"rendered":"http:\/\/sanbartolomeysanjaime.es\/?page_id=788"},"modified":"2022-09-20T11:07:57","modified_gmt":"2022-09-20T09:07:57","slug":"actividades-pastorales","status":"publish","type":"page","link":"https:\/\/sanbartolomeysanjaime.es\/index.php\/nuestra-parroquia\/actividades-pastorales\/","title":{"rendered":"Actividades pastorales"},"content":{"rendered":"\n\n\t<p><strong><u><a href=\"http:\/\/sanbartolomeysanjaime.es\/index.php\/nuestra-parroquia\/actividades-pastorales\/ninos\/\">Ni\u00f1os<\/a><\/u><\/strong><\/p>\n<ul>\n<li id=\"menu-item-895\"><a href=\"http:\/\/sanbartolomeysanjaime.es\/index.php\/nuestra-parroquia\/actividades-pastorales\/oratorio-pre-comunion\/\"><u>Oratorio Pre-Comuni\u00f3n<\/u><\/a><\/li>\n<li id=\"menu-item-918\"><a href=\"http:\/\/sanbartolomeysanjaime.es\/index.php\/parroquia-nules-primera-comunion\/\"><u>Primera Comuni\u00f3n<\/u><\/a><\/li>\n<li><a href=\"http:\/\/sanbartolomeysanjaime.es\/index.php\/nuestra-parroquia\/actividades-pastorales\/oratorio-post-comunion\/\"><u>Oratorio de j\u00f3venes de Post-Comuni\u00f3n<\/u><\/a><\/li>\n<\/ul>\n<p><u><strong><a href=\"http:\/\/sanbartolomeysanjaime.es\/index.php\/nuestra-parroquia\/actividades-pastorales\/jovenes\/\">J\u00f3venes<\/a><\/strong><\/u><\/p>\n<ul>\n<li id=\"menu-item-917\"><u><a href=\"http:\/\/sanbartolomeysanjaime.es\/index.php\/nuestra-parroquia\/actividades-pastorales\/jovenes\/parroquia-nules-confirmacion\/\">Confirmaci\u00f3n<\/a><\/u><\/li>\n<\/ul>\n<p>&nbsp;<\/p>\n<p><u><strong><a href=\"http:\/\/sanbartolomeysanjaime.es\/index.php\/nuestra-parroquia\/actividades-pastorales\/adultos\/\">Adultos<\/a><\/strong><\/u><\/p>\n<ul>\n<li id=\"menu-item-919\"><u><a href=\"http:\/\/sanbartolomeysanjaime.es\/index.php\/matrimonio\/\">Matrimonio<\/a><\/u><\/li>\n<li id=\"menu-item-908\"><u><a href=\"http:\/\/sanbartolomeysanjaime.es\/index.php\/nuestra-parroquia\/actividades-pastorales\/adultos\/catequesis-comunidades-neocatecumenales\/\">Catequesis Comunidades Neocatecumenales<\/a><\/u><\/li>\n<\/ul>\n<p>&nbsp;<\/p>\n<p>&nbsp;<\/p>\n<p>&nbsp;<\/p>\n<p>&nbsp;<\/p>\n<p>&nbsp;<\/p>\n\n","protected":false},"excerpt":{"rendered":"<p>Ni\u00f1os Oratorio Pre-Comuni\u00f3n Primera Comuni\u00f3n Oratorio de j\u00f3venes de Post-Comuni\u00f3n J\u00f3venes Confirmaci\u00f3n &nbsp; Adultos Matrimonio Catequesis Comunidades Neocatecumenales &nbsp; &nbsp; &nbsp; &nbsp; &nbsp;<\/p>\n","protected":false},"author":1,"featured_media":0,"parent":19,"menu_order":0,"comment_status":"closed","ping_status":"closed","template":"","meta":{"footnotes":""},"_links":{"self":[{"href":"https:\/\/sanbartolomeysanjaime.es\/index.php\/wp-json\/wp\/v2\/pages\/788"}],"collection":[{"href":"https:\/\/sanbartolomeysanjaime.es\/index.php\/wp-json\/wp\/v2\/pages"}],"about":[{"href":"https:\/\/sanbartolomeysanjaime.es\/index.php\/wp-json\/wp\/v2\/types\/page"}],"author":[{"embeddable":true,"href":"https:\/\/sanbartolomeysanjaime.es\/index.php\/wp-json\/wp\/v2\/users\/1"}],"replies":[{"embeddable":true,"href":"https:\/\/sanbartolomeysanjaime.es\/index.php\/wp-json\/wp\/v2\/comments?post=788"}],"version-history":[{"count":8,"href":"https:\/\/sanbartolomeysanjaime.es\/index.php\/wp-json\/wp\/v2\/pages\/788\/revisions"}],"predecessor-version":[{"id":2658,"href":"https:\/\/sanbartolomeysanjaime.es\/index.php\/wp-json\/wp\/v2\/pages\/788\/revisions\/2658"}],"up":[{"embeddable":true,"href":"https:\/\/sanbartolomeysanjaime.es\/index.php\/wp-json\/wp\/v2\/pages\/19"}],"wp:attachment":[{"href":"https:\/\/sanbartolomeysanjaime.es\/index.php\/wp-json\/wp\/v2\/media?parent=788"}],"curies":[{"name":"wp","href":"https:\/\/api.w.org\/{rel}","templated":true}]}}