{"id":797,"date":"2016-09-05T20:34:06","date_gmt":"2016-09-05T18:34:06","guid":{"rendered":"http:\/\/sanbartolomeysanjaime.es\/?page_id=797"},"modified":"2017-05-10T21:51:38","modified_gmt":"2017-05-10T19:51:38","slug":"catequesis-del-nino-jesus","status":"publish","type":"page","link":"https:\/\/sanbartolomeysanjaime.es\/index.php\/nuestra-parroquia\/actividades-pastorales\/catequesis-del-nino-jesus\/","title":{"rendered":"Catequesis del Ni\u00f1o Jes\u00fas"},"content":{"rendered":"<p><a href=\"http:\/\/sanbartolomeysanjaime.es\/wp-content\/uploads\/2016\/09\/Lavatorio-de-los-pies.png\"><img loading=\"lazy\" decoding=\"async\" class=\"wp-image-1103 aligncenter\" src=\"http:\/\/sanbartolomeysanjaime.es\/wp-content\/uploads\/2016\/09\/Lavatorio-de-los-pies-300x153.png\" alt=\"lavatorio-de-los-pies\" width=\"229\" height=\"117\" srcset=\"https:\/\/sanbartolomeysanjaime.es\/wp-content\/uploads\/2016\/09\/Lavatorio-de-los-pies-300x153.png 300w, https:\/\/sanbartolomeysanjaime.es\/wp-content\/uploads\/2016\/09\/Lavatorio-de-los-pies-768x391.png 768w, https:\/\/sanbartolomeysanjaime.es\/wp-content\/uploads\/2016\/09\/Lavatorio-de-los-pies-1024x521.png 1024w, https:\/\/sanbartolomeysanjaime.es\/wp-content\/uploads\/2016\/09\/Lavatorio-de-los-pies.png 1600w\" sizes=\"(max-width: 229px) 100vw, 229px\" \/><\/a><\/p>\n<p>Como la amistad no es algo de un d\u00eda, ni de dos a\u00f1os, sino de un continuo \u201cdesear estar\u201d con aqu\u00e9l al que amamos y sabemos que nos ama, queremos proponerles una preparaci\u00f3n a partir del curso P5.\u00a0Es decir que, para este a\u00f1o nos gustar\u00eda comenzar con sus hijos un itinerario de Pre-Comuni\u00f3n basado en la experiencia del Oratorio de Ni\u00f1os Peque\u00f1os.<\/p>\n<h3>\u2013 Carta a los Padres\u00a0al Comienzo del Curso<\/h3>\n<p>.\u00a0\u00a0\u00a0\u00a0Descargar y rellenar\u00a0 <a href=\"http:\/\/sanbartolomeysanjaime.es\/wp-content\/uploads\/2015\/09\/Solicitud-Catequesis-del-Ni\u00f1o-Jes\u00fas.pdf\">Solicitud Catequesis del Ni\u00f1o Jes\u00fas<\/a><\/p>\n<h3><strong>&#8211;\u00a0Inscripci\u00f3n Catequesis del Ni\u00f1o Jes\u00fas: 5p y 1\u00ba Primaria<\/strong><\/h3>\n<p>.\u00a0\u00a0\u00a0\u00a0Descargar y rellenar\u00a0\u00a0 <a href=\"http:\/\/sanbartolomeysanjaime.es\/wp-content\/uploads\/2015\/09\/Solicitud-Catequesis-del-Ni\u00f1o-Jes\u00fas.pdf\">Solicitud Catequesis del Ni\u00f1o Jes\u00fas<\/a><\/p>\n<h3>&#8211; Inf\u00f3rmate en<\/h3>\n<p><a href=\"mailto:despacho@sanbartolomeysanjaime.es\" target=\"_blank\" rel=\"noopener noreferrer\">despacho@sanbartolomeysanjaime.es<\/a><\/p>\n<p>&nbsp;<\/p>\n<p>&nbsp;<\/p>\n","protected":false},"excerpt":{"rendered":"<p>Como la amistad no es algo de un d\u00eda, ni de dos a\u00f1os, sino de un continuo \u201cdesear estar\u201d con aqu\u00e9l al que amamos y sabemos que nos ama, queremos proponerles una<a class=\"moretag\" href=\"https:\/\/sanbartolomeysanjaime.es\/index.php\/nuestra-parroquia\/actividades-pastorales\/catequesis-del-nino-jesus\/\">Leer m\u00e1s&#8230;<\/a><\/p>\n","protected":false},"author":1,"featured_media":0,"parent":788,"menu_order":0,"comment_status":"closed","ping_status":"closed","template":"","meta":{"footnotes":""},"_links":{"self":[{"href":"https:\/\/sanbartolomeysanjaime.es\/index.php\/wp-json\/wp\/v2\/pages\/797"}],"collection":[{"href":"https:\/\/sanbartolomeysanjaime.es\/index.php\/wp-json\/wp\/v2\/pages"}],"about":[{"href":"https:\/\/sanbartolomeysanjaime.es\/index.php\/wp-json\/wp\/v2\/types\/page"}],"author":[{"embeddable":true,"href":"https:\/\/sanbartolomeysanjaime.es\/index.php\/wp-json\/wp\/v2\/users\/1"}],"replies":[{"embeddable":true,"href":"https:\/\/sanbartolomeysanjaime.es\/index.php\/wp-json\/wp\/v2\/comments?post=797"}],"version-history":[{"count":20,"href":"https:\/\/sanbartolomeysanjaime.es\/index.php\/wp-json\/wp\/v2\/pages\/797\/revisions"}],"predecessor-version":[{"id":1432,"href":"https:\/\/sanbartolomeysanjaime.es\/index.php\/wp-json\/wp\/v2\/pages\/797\/revisions\/1432"}],"up":[{"embeddable":true,"href":"https:\/\/sanbartolomeysanjaime.es\/index.php\/wp-json\/wp\/v2\/pages\/788"}],"wp:attachment":[{"href":"https:\/\/sanbartolomeysanjaime.es\/index.php\/wp-json\/wp\/v2\/media?parent=797"}],"curies":[{"name":"wp","href":"https:\/\/api.w.org\/{rel}","templated":true}]}}