{"id":816,"date":"2016-09-05T20:44:51","date_gmt":"2016-09-05T18:44:51","guid":{"rendered":"http:\/\/sanbartolomeysanjaime.es\/?page_id=816"},"modified":"2016-11-06T16:37:15","modified_gmt":"2016-11-06T15:37:15","slug":"adultos","status":"publish","type":"page","link":"https:\/\/sanbartolomeysanjaime.es\/index.php\/nuestra-parroquia\/actividades-pastorales\/adultos\/","title":{"rendered":"Adultos"},"content":{"rendered":"<ul class=\"sub-menu\">\n<li id=\"menu-item-1026\" class=\"menu-item menu-item-type-post_type menu-item-object-page menu-item-1026\"><a href=\"http:\/\/sanbartolomeysanjaime.es\/index.php\/nuestra-parroquia\/actividades-pastorales\/adultos\/voluntariado-caritas\/\">Voluntariado C\u00e1ritas<\/a><\/li>\n<li id=\"menu-item-1025\" class=\"menu-item menu-item-type-post_type menu-item-object-page menu-item-1025\"><a href=\"http:\/\/sanbartolomeysanjaime.es\/index.php\/nuestra-parroquia\/actividades-pastorales\/adultos\/repaso-a-ninos-de-familias-de-caritas\/\">Repaso a Ni\u00f1os de familias de C\u00e1ritas<\/a><\/li>\n<li id=\"menu-item-919\" class=\"menu-item menu-item-type-post_type menu-item-object-page menu-item-919\"><a href=\"http:\/\/sanbartolomeysanjaime.es\/index.php\/matrimonio\/\">Matrimonio<\/a><\/li>\n<li id=\"menu-item-911\" class=\"menu-item menu-item-type-post_type menu-item-object-page menu-item-911\"><a href=\"http:\/\/sanbartolomeysanjaime.es\/index.php\/nuestra-parroquia\/actividades-pastorales\/adultos\/reconocimiento-natural-de-la-fertilidad\/\">Reconocimiento natural de la Fertilidad<\/a><\/li>\n<li id=\"menu-item-908\" class=\"menu-item menu-item-type-post_type menu-item-object-page menu-item-908\"><a href=\"http:\/\/sanbartolomeysanjaime.es\/index.php\/nuestra-parroquia\/actividades-pastorales\/adultos\/catequesis-comunidades-neocatecumenales\/\">Catequesis Comunidades Neocatecumenales<\/a><\/li>\n<li id=\"menu-item-910\" class=\"menu-item menu-item-type-post_type menu-item-object-page menu-item-910\"><a href=\"http:\/\/sanbartolomeysanjaime.es\/index.php\/nuestra-parroquia\/actividades-pastorales\/adultos\/reuniones-para-separados\/\">Grupo de separados<\/a><\/li>\n<li id=\"menu-item-1230\" class=\"menu-item menu-item-type-post_type menu-item-object-page menu-item-1230\"><a href=\"http:\/\/sanbartolomeysanjaime.es\/index.php\/nuestra-parroquia\/actividades-pastorales\/adultos\/taller-de-expresion-artistica-para-familias-dibujo-y-pintura\/\">Taller de EA para FAMILIAS (Dibujo y Pintura)<\/a><\/li>\n<li id=\"menu-item-1231\" class=\"menu-item menu-item-type-post_type menu-item-object-page menu-item-1231\"><a href=\"http:\/\/sanbartolomeysanjaime.es\/index.php\/nuestra-parroquia\/actividades-pastorales\/adultos\/taller-de-expresion-artistica-para-adultos-dibujo-y-pintura\/\">Taller de EA para adultos (Dibujo y Pintura)<\/a><\/li>\n<\/ul>\n","protected":false},"excerpt":{"rendered":"<p>Voluntariado C\u00e1ritas Repaso a Ni\u00f1os de familias de C\u00e1ritas Matrimonio Reconocimiento natural de la Fertilidad Catequesis Comunidades Neocatecumenales Grupo de separados Taller de EA para FAMILIAS (Dibujo y Pintura) Taller de EA<a class=\"moretag\" href=\"https:\/\/sanbartolomeysanjaime.es\/index.php\/nuestra-parroquia\/actividades-pastorales\/adultos\/\">Leer m\u00e1s&#8230;<\/a><\/p>\n","protected":false},"author":1,"featured_media":0,"parent":788,"menu_order":0,"comment_status":"closed","ping_status":"closed","template":"","meta":{"footnotes":""},"_links":{"self":[{"href":"https:\/\/sanbartolomeysanjaime.es\/index.php\/wp-json\/wp\/v2\/pages\/816"}],"collection":[{"href":"https:\/\/sanbartolomeysanjaime.es\/index.php\/wp-json\/wp\/v2\/pages"}],"about":[{"href":"https:\/\/sanbartolomeysanjaime.es\/index.php\/wp-json\/wp\/v2\/types\/page"}],"author":[{"embeddable":true,"href":"https:\/\/sanbartolomeysanjaime.es\/index.php\/wp-json\/wp\/v2\/users\/1"}],"replies":[{"embeddable":true,"href":"https:\/\/sanbartolomeysanjaime.es\/index.php\/wp-json\/wp\/v2\/comments?post=816"}],"version-history":[{"count":4,"href":"https:\/\/sanbartolomeysanjaime.es\/index.php\/wp-json\/wp\/v2\/pages\/816\/revisions"}],"predecessor-version":[{"id":1238,"href":"https:\/\/sanbartolomeysanjaime.es\/index.php\/wp-json\/wp\/v2\/pages\/816\/revisions\/1238"}],"up":[{"embeddable":true,"href":"https:\/\/sanbartolomeysanjaime.es\/index.php\/wp-json\/wp\/v2\/pages\/788"}],"wp:attachment":[{"href":"https:\/\/sanbartolomeysanjaime.es\/index.php\/wp-json\/wp\/v2\/media?parent=816"}],"curies":[{"name":"wp","href":"https:\/\/api.w.org\/{rel}","templated":true}]}}