{"id":820,"date":"2016-09-05T20:46:29","date_gmt":"2016-09-05T18:46:29","guid":{"rendered":"http:\/\/sanbartolomeysanjaime.es\/?page_id=820"},"modified":"2017-08-05T19:25:29","modified_gmt":"2017-08-05T17:25:29","slug":"ninos","status":"publish","type":"page","link":"https:\/\/sanbartolomeysanjaime.es\/index.php\/nuestra-parroquia\/actividades-pastorales\/ninos\/","title":{"rendered":"Ni\u00f1os"},"content":{"rendered":"<ul class=\"sub-menu\">\n<li id=\"menu-item-918\" class=\"menu-item menu-item-type-post_type menu-item-object-page menu-item-918\"><a href=\"http:\/\/sanbartolomeysanjaime.es\/index.php\/parroquia-nules-primera-comunion\/\">Primera Comuni\u00f3n<\/a><\/li>\n<li id=\"menu-item-895\" class=\"menu-item menu-item-type-post_type menu-item-object-page menu-item-895\"><a href=\"http:\/\/sanbartolomeysanjaime.es\/index.php\/nuestra-parroquia\/actividades-pastorales\/oratorio-pre-comunion\/\">Oratorio Pre-Comuni\u00f3n<\/a><\/li>\n<li id=\"menu-item-893\" class=\"menu-item menu-item-type-post_type menu-item-object-page menu-item-893\"><a href=\"http:\/\/sanbartolomeysanjaime.es\/index.php\/nuestra-parroquia\/actividades-pastorales\/oratorio-post-comunion\/\">Oratorio de Post-Comuni\u00f3n<\/a><\/li>\n<li id=\"menu-item-894\" class=\"menu-item menu-item-type-post_type menu-item-object-page menu-item-894\"><a href=\"http:\/\/sanbartolomeysanjaime.es\/index.php\/nuestra-parroquia\/actividades-pastorales\/ninos\/taller-de-expresion-artistica-para-ninos\/\">Taller de Arte para ni\u00f1os (dibujo y pintura)<\/a><\/li>\n<\/ul>\n","protected":false},"excerpt":{"rendered":"<p>Primera Comuni\u00f3n Oratorio Pre-Comuni\u00f3n Oratorio de Post-Comuni\u00f3n Taller de Arte para ni\u00f1os (dibujo y pintura)<\/p>\n","protected":false},"author":1,"featured_media":0,"parent":788,"menu_order":0,"comment_status":"closed","ping_status":"closed","template":"","meta":{"footnotes":""},"_links":{"self":[{"href":"https:\/\/sanbartolomeysanjaime.es\/index.php\/wp-json\/wp\/v2\/pages\/820"}],"collection":[{"href":"https:\/\/sanbartolomeysanjaime.es\/index.php\/wp-json\/wp\/v2\/pages"}],"about":[{"href":"https:\/\/sanbartolomeysanjaime.es\/index.php\/wp-json\/wp\/v2\/types\/page"}],"author":[{"embeddable":true,"href":"https:\/\/sanbartolomeysanjaime.es\/index.php\/wp-json\/wp\/v2\/users\/1"}],"replies":[{"embeddable":true,"href":"https:\/\/sanbartolomeysanjaime.es\/index.php\/wp-json\/wp\/v2\/comments?post=820"}],"version-history":[{"count":3,"href":"https:\/\/sanbartolomeysanjaime.es\/index.php\/wp-json\/wp\/v2\/pages\/820\/revisions"}],"predecessor-version":[{"id":1548,"href":"https:\/\/sanbartolomeysanjaime.es\/index.php\/wp-json\/wp\/v2\/pages\/820\/revisions\/1548"}],"up":[{"embeddable":true,"href":"https:\/\/sanbartolomeysanjaime.es\/index.php\/wp-json\/wp\/v2\/pages\/788"}],"wp:attachment":[{"href":"https:\/\/sanbartolomeysanjaime.es\/index.php\/wp-json\/wp\/v2\/media?parent=820"}],"curies":[{"name":"wp","href":"https:\/\/api.w.org\/{rel}","templated":true}]}}