{"id":822,"date":"2016-09-05T20:46:47","date_gmt":"2016-09-05T18:46:47","guid":{"rendered":"http:\/\/sanbartolomeysanjaime.es\/?page_id=822"},"modified":"2016-11-06T16:36:33","modified_gmt":"2016-11-06T15:36:33","slug":"jovenes","status":"publish","type":"page","link":"https:\/\/sanbartolomeysanjaime.es\/index.php\/nuestra-parroquia\/actividades-pastorales\/jovenes\/","title":{"rendered":"J\u00f3venes"},"content":{"rendered":"<ul class=\"sub-menu\">\n<li id=\"menu-item-1229\" class=\"menu-item menu-item-type-post_type menu-item-object-page menu-item-1229\"><a href=\"http:\/\/sanbartolomeysanjaime.es\/index.php\/nuestra-parroquia\/actividades-pastorales\/jovenes\/taller-de-expresion-artistica-para-jovenes-dibujo-y-pintura\/\">Taller de EA para j\u00f3venes (Dibujo y Pintura)<\/a><\/li>\n<li id=\"menu-item-917\" class=\"menu-item menu-item-type-post_type menu-item-object-page menu-item-917\"><a href=\"http:\/\/sanbartolomeysanjaime.es\/index.php\/nuestra-parroquia\/actividades-pastorales\/jovenes\/parroquia-nules-confirmacion\/\">Confirmaci\u00f3n<\/a><\/li>\n<li id=\"menu-item-1018\" class=\"menu-item menu-item-type-post_type menu-item-object-page menu-item-1018\"><a href=\"http:\/\/sanbartolomeysanjaime.es\/index.php\/nuestra-parroquia\/actividades-pastorales\/jovenes\/oratorio-de-post-confirmacion\/\">Oratorio de Post-Confirmaci\u00f3n<\/a><\/li>\n<\/ul>\n","protected":false},"excerpt":{"rendered":"<p>Taller de EA para j\u00f3venes (Dibujo y Pintura) Confirmaci\u00f3n Oratorio de Post-Confirmaci\u00f3n<\/p>\n","protected":false},"author":1,"featured_media":0,"parent":788,"menu_order":0,"comment_status":"closed","ping_status":"closed","template":"","meta":{"footnotes":""},"_links":{"self":[{"href":"https:\/\/sanbartolomeysanjaime.es\/index.php\/wp-json\/wp\/v2\/pages\/822"}],"collection":[{"href":"https:\/\/sanbartolomeysanjaime.es\/index.php\/wp-json\/wp\/v2\/pages"}],"about":[{"href":"https:\/\/sanbartolomeysanjaime.es\/index.php\/wp-json\/wp\/v2\/types\/page"}],"author":[{"embeddable":true,"href":"https:\/\/sanbartolomeysanjaime.es\/index.php\/wp-json\/wp\/v2\/users\/1"}],"replies":[{"embeddable":true,"href":"https:\/\/sanbartolomeysanjaime.es\/index.php\/wp-json\/wp\/v2\/comments?post=822"}],"version-history":[{"count":2,"href":"https:\/\/sanbartolomeysanjaime.es\/index.php\/wp-json\/wp\/v2\/pages\/822\/revisions"}],"predecessor-version":[{"id":1237,"href":"https:\/\/sanbartolomeysanjaime.es\/index.php\/wp-json\/wp\/v2\/pages\/822\/revisions\/1237"}],"up":[{"embeddable":true,"href":"https:\/\/sanbartolomeysanjaime.es\/index.php\/wp-json\/wp\/v2\/pages\/788"}],"wp:attachment":[{"href":"https:\/\/sanbartolomeysanjaime.es\/index.php\/wp-json\/wp\/v2\/media?parent=822"}],"curies":[{"name":"wp","href":"https:\/\/api.w.org\/{rel}","templated":true}]}}