{"id":902,"date":"2016-09-10T13:49:19","date_gmt":"2016-09-10T11:49:19","guid":{"rendered":"http:\/\/sanbartolomeysanjaime.es\/?page_id=902"},"modified":"2016-09-29T19:20:16","modified_gmt":"2016-09-29T17:20:16","slug":"reuniones-para-separados","status":"publish","type":"page","link":"https:\/\/sanbartolomeysanjaime.es\/index.php\/nuestra-parroquia\/actividades-pastorales\/adultos\/reuniones-para-separados\/","title":{"rendered":"Grupo de separados"},"content":{"rendered":"<p>&nbsp;<\/p>\n<p><em><strong><span lang=\"ES-TRAD\">Pretende ser un espacio de paz, donde poder acoger, acompa\u00f1ar y dar sentido al dolor en las personas que sufren la separaci\u00f3n, el divorcio o el abandono -como invita el Papa Francisco en su\u00a0 Exhortaci\u00f3n Apost\u00f3lica \u201cLa Alegr\u00eda del Amor\u201d.. <\/span><\/strong><\/em><\/p>\n<p><em><strong><span lang=\"ES-TRAD\">Son encuentros mensuales, donde los asistentes ponen en com\u00fan sus experiencias vividas a la luz del evangelio, que les hacen ver su realidad personal de un modo nuevo.<\/span><\/strong><\/em><\/p>\n<p><em><strong><span lang=\"ES-TRAD\">Seg\u00fan la experiencia realizada en diferentes grupos, ellos mismos comentan,<a name=\"_GoBack\"><\/a> que estos encuentros son un respiro dentro de tanto sufrimiento y que les ayudan a vivir y superar mejor las realidades personales y familiares. <\/span><\/strong><\/em><\/p>\n<p><em><strong><span lang=\"ES-TRAD\">Adem\u00e1s hay un servicio de orientaci\u00f3n y mediaci\u00f3n para iluminar las crisis y dificultades en la familia.<\/span><\/strong><\/em><\/p>\n<p><em><strong><span lang=\"ES-TRAD\">Merche y Juan acompa\u00f1aran al grupo juntamente con el sacerdote, viviendo tres reglas que son el acogimiento, la escucha y el no juzgar. <\/span><\/strong><\/em><\/p>\n<p><em><strong><span lang=\"ES-TRAD\">M\u00e1s informaci\u00f3n: <\/span><\/strong><\/em><\/p>\n<p><a href=\"mailto:mercedes.gallardo96@gmail.com\"><em><strong><span lang=\"ES-TRAD\">mercedes.gallardo96@gmail.com<\/span><\/strong><\/em><\/a><\/p>\n<p><a href=\"mailto:despacho@sanbartolomeysanjaime.es\"><em><strong><span lang=\"ES-TRAD\">despacho@sanbartolomeysanjaime.es<\/span><\/strong><\/em><\/a><\/p>\n<p><img loading=\"lazy\" decoding=\"async\" class=\"aligncenter size-full wp-image-1113\" src=\"http:\/\/sanbartolomeysanjaime.es\/wp-content\/uploads\/2016\/09\/Presentaci\u00f3n-Grupo-de-Separados.png\" alt=\"presentacion-grupo-de-separados\" width=\"782\" height=\"817\" \/><\/p>\n","protected":false},"excerpt":{"rendered":"<p>&nbsp; Pretende ser un espacio de paz, donde poder acoger, acompa\u00f1ar y dar sentido al dolor en las personas que sufren la separaci\u00f3n, el divorcio o el abandono -como invita el Papa<a class=\"moretag\" href=\"https:\/\/sanbartolomeysanjaime.es\/index.php\/nuestra-parroquia\/actividades-pastorales\/adultos\/reuniones-para-separados\/\">Leer m\u00e1s&#8230;<\/a><\/p>\n","protected":false},"author":1,"featured_media":0,"parent":816,"menu_order":0,"comment_status":"closed","ping_status":"closed","template":"","meta":{"footnotes":""},"_links":{"self":[{"href":"https:\/\/sanbartolomeysanjaime.es\/index.php\/wp-json\/wp\/v2\/pages\/902"}],"collection":[{"href":"https:\/\/sanbartolomeysanjaime.es\/index.php\/wp-json\/wp\/v2\/pages"}],"about":[{"href":"https:\/\/sanbartolomeysanjaime.es\/index.php\/wp-json\/wp\/v2\/types\/page"}],"author":[{"embeddable":true,"href":"https:\/\/sanbartolomeysanjaime.es\/index.php\/wp-json\/wp\/v2\/users\/1"}],"replies":[{"embeddable":true,"href":"https:\/\/sanbartolomeysanjaime.es\/index.php\/wp-json\/wp\/v2\/comments?post=902"}],"version-history":[{"count":8,"href":"https:\/\/sanbartolomeysanjaime.es\/index.php\/wp-json\/wp\/v2\/pages\/902\/revisions"}],"predecessor-version":[{"id":1134,"href":"https:\/\/sanbartolomeysanjaime.es\/index.php\/wp-json\/wp\/v2\/pages\/902\/revisions\/1134"}],"up":[{"embeddable":true,"href":"https:\/\/sanbartolomeysanjaime.es\/index.php\/wp-json\/wp\/v2\/pages\/816"}],"wp:attachment":[{"href":"https:\/\/sanbartolomeysanjaime.es\/index.php\/wp-json\/wp\/v2\/media?parent=902"}],"curies":[{"name":"wp","href":"https:\/\/api.w.org\/{rel}","templated":true}]}}